{"id":8,"date":"2016-11-05T19:19:52","date_gmt":"2016-11-05T19:19:52","guid":{"rendered":"http:\/\/centrehipic.castelldebenviure.com\/?page_id=8"},"modified":"2017-01-16T21:10:23","modified_gmt":"2017-01-16T21:10:23","slug":"donde-estamos","status":"publish","type":"page","link":"https:\/\/centrehipic.castelldebenviure.com\/es\/donde-estamos\/","title":{"rendered":"Donde estamos"},"content":{"rendered":"<p><H2>INDICACIONES PARA LLEGAR:<\/H2><\/p>\n<p><H3>DESDE BARCELONA O MARTORELL<\/H3><\/p>\n<p>Desde la autovia A2, tomar la salida 591 CASTELLBISBAL Zona Industrial. <\/p>\n<p>En la rotonda, tomar la 1a salida direccion BV-1501 CASTELLBISBAL. Cruzar\u00e9is el rio Llobregat. <\/p>\n<p>En la siguiente rotonda (hay una empresa que se llama CONSMAN), tomar la 3a salida en direcci\u00f3n CASTELLBISBAL &#8211; COMTE DE SERT. <\/p>\n<p>Seguir por dicha carretera hasta pasar la estaci\u00f3n de cercan\u00edas RENFE. <\/p>\n<p>A 150 metros, tomar la 1a salida a la izquierda para acceder a la finca del Castell de Ben Viure.<\/p>\n<p>Descender por dicho camino hasta cruzar un puente. <\/p>\n<p>Girar a la derecha y seguir los carteles que os conducir\u00e1n al aparcamiento.<\/p>\n<p><H3>DESDE TERRASSA<\/H3><\/p>\n<p>Ir por la carretera C-243c direcci\u00f3n Martorell. <\/p>\n<p>Despu\u00e9s de varios quil\u00f3metros por esta carretera, tomar la salida que os indica CASTELLBISBAL &#8211; MOLINS DE REI (Es la carretera B-151).<\/p>\n<p>Despu\u00e9s de pasar la urbanizaci\u00f3n Can Costa, llegar\u00e9is a una rotonda. Tomad la primera salida, direcci\u00f3n A2 BARCELONA &#8211; LLEIDA. <\/p>\n<p>A unos 2 km, (antes de llegar a la estaci\u00f3n de cercan\u00edas RENFE), tomar la primera salida a la derecha para acceder a la finca del Castell de Ben Viure. <\/p>\n<p>Descender por dicho camino hasta cruzar un puente. <\/p>\n<p>Girar a la derecha y seguir los carteles que os conducir\u00e1n al aparcamiento.<\/p>\n<p><H3>DESDE SANT CUGAT DEL VALL\u00c8S (AUTOPISTA AP7 &#8211; B30)<\/H3><\/p>\n<p>Desde la AP7 o desde Sant Cugat, tomar la B-30 hasta la salida RUB\u00cd &#8211; MIRASOL. <\/p>\n<p>En la rotonda, tomar la 3a salida (carretera C-1413a) direcci\u00f3n CASTELLBISBAL &#8211; EL PAPIOL &#8211; MOLINS DE REI. <\/p>\n<p>Seguir por esta carretera hasta pasar 3 rotondas m\u00e1s. <\/p>\n<p>En la 3a rotonda, tomar la 1a salida en direcci\u00f3n B-150 CASTELLBISBAL. <\/p>\n<p>Seguir por dicha carretera en direcci\u00f3n autov\u00eda A2 BARCELONA &#8211; LLEIDA. <\/p>\n<p>En la 3a rotonda tomar la 3a salida en direcci\u00f3n A2 BARCELONA &#8211; LLEIDA. <\/p>\n<p>A 2 km, (antes de llegar a la estacion de Renfe), tomar la primera salida a la derecha para acceder a la finca del Castell de Ben Viure.<\/p>\n<p>Antes de tomar la salida ya vereis el CQB. <\/p>\n<p>Al descender por dicha salida, seguid las flechas que os conduciran al parking.<\/p>\n<p><iframe loading=\"lazy\" src=\"https:\/\/www.google.com\/maps\/embed?pb=!1m18!1m12!1m3!1d95659.13540334896!2d1.8972791578511292!3d41.47505499851802!2m3!1f0!2f0!3f0!3m2!1i1024!2i768!4f13.1!3m3!1m2!1s0x12a48e47dd6ea61d%3A0xd73225a989472337!2sCentre+Hipic+Castell+de+Ben+Viure!5e0!3m2!1ses!2ses!4v1484600871508\" width=\"100%\" height=\"450\" frameborder=\"0\" style=\"border:0\" allowfullscreen><\/iframe><\/p>","protected":false},"excerpt":{"rendered":"<p>INDICACIONES PARA LLEGAR: DESDE BARCELONA O MARTORELL Desde la autovia A2, tomar la salida 591 CASTELLBISBAL Zona Industrial. En la rotonda, tomar la 1a salida direccion BV-1501 CASTELLBISBAL. Cruzar\u00e9is el rio Llobregat. En la siguiente rotonda (hay una empresa que se llama CONSMAN), tomar la 3a salida en direcci\u00f3n CASTELLBISBAL &#8211; COMTE DE SERT. Seguir [&hellip;]<\/p>\n","protected":false},"author":1,"featured_media":0,"parent":0,"menu_order":0,"comment_status":"closed","ping_status":"closed","template":"","meta":{"footnotes":""},"class_list":["post-8","page","type-page","status-publish","hentry"],"_links":{"self":[{"href":"https:\/\/centrehipic.castelldebenviure.com\/es\/wp-json\/wp\/v2\/pages\/8","targetHints":{"allow":["GET"]}}],"collection":[{"href":"https:\/\/centrehipic.castelldebenviure.com\/es\/wp-json\/wp\/v2\/pages"}],"about":[{"href":"https:\/\/centrehipic.castelldebenviure.com\/es\/wp-json\/wp\/v2\/types\/page"}],"author":[{"embeddable":true,"href":"https:\/\/centrehipic.castelldebenviure.com\/es\/wp-json\/wp\/v2\/users\/1"}],"replies":[{"embeddable":true,"href":"https:\/\/centrehipic.castelldebenviure.com\/es\/wp-json\/wp\/v2\/comments?post=8"}],"version-history":[{"count":37,"href":"https:\/\/centrehipic.castelldebenviure.com\/es\/wp-json\/wp\/v2\/pages\/8\/revisions"}],"predecessor-version":[{"id":237,"href":"https:\/\/centrehipic.castelldebenviure.com\/es\/wp-json\/wp\/v2\/pages\/8\/revisions\/237"}],"wp:attachment":[{"href":"https:\/\/centrehipic.castelldebenviure.com\/es\/wp-json\/wp\/v2\/media?parent=8"}],"curies":[{"name":"wp","href":"https:\/\/api.w.org\/{rel}","templated":true}]}}