{"id":42,"date":"2016-11-05T21:11:52","date_gmt":"2016-11-05T21:11:52","guid":{"rendered":"http:\/\/centrehipic.castelldebenviure.com\/?page_id=42"},"modified":"2021-04-27T10:42:17","modified_gmt":"2021-04-27T10:42:17","slug":"instalaciones","status":"publish","type":"page","link":"https:\/\/centrehipic.castelldebenviure.com\/es\/instalaciones\/","title":{"rendered":"INSTALACIONES"},"content":{"rendered":"<p><\/p>\n<h3>EN LA FINCA DE 300 HAS. DISPONEMOS DE:<\/h3>\n<p>Pista de Doma con arena de s\u00edlice de 20&#215;40<\/p>\n<p>Picadero de 20 m. de di\u00e1metro.<\/p>\n<p>Guadarn\u00e9s<\/p>\n<p>Varias duchas<\/p>\n<p>Padocks de cuarentena para los caballos reci\u00e9n llegados<\/p>\n<p>Padock de enfermer\u00eda<\/p>\n<p>24 padocks individuales en pupilaje<\/p>\n<p>8 padocks compartidos de grandes dimensiones en pupilaje<\/p>\n<p>1 Padock Din\u00e1mico de m\u00e1s de 150.000 m2 en invierno y de m\u00e1s de 650.000 m2 en verano, para los caballos de la manada en libertad.<\/p>\n<p>M\u00e1s de 11 Km de caminos internos en la finca para pasear.<\/p>\n<p>Aparcamiento de clientes y Remolques<\/p>\n<p>y finalmente el Castell de Ben Viure, destinado a la celebraci\u00f3n de eventos <a href=\"http:\/\/www.castelldebenviure.com\" target=\"_blank\" rel=\"noopener noreferrer\">Castell de Ben Viure<\/a><\/p>\n<p>\t\t\t\t\t\t<div class=\"gallery_box_single\">\n\t\t\t\t\t\t\t\t\t\t\t\t\t\t\t<div class=\"gallery gllr_grid\" data-gllr-columns=\"1\" data-gllr-border-width=\"1\">\n\t\t\t\t\t\t\t\t\t\t\t\t\t\t\t\t\t\t\t\t<div class=\"gllr_image_row\">\n\t\t\t\t\t\t\t\t\t\t\t\t\t\t\t\t\t\t\t\t\t<div class=\"gllr_image_block\">\n\t\t\t\t\t\t\t\t\t\t\t\t<p style=\"width:230px;height:230px;\">\n\t\t\t\t\t\t\t\t\t\t\t\t\t\t\t\t\t\t\t\t\t\t\t\t\t\t\t<a href=\"http:\/\/centrehipic.castelldebenviure.com\/es\" title=\"CENTRE HIPIC CASTELL DE BEN VIURE PUPILAJE CABALLOS PADOCK BARCELONA\" target=\"_blank\">\n\t\t\t\t\t\t\t\t\t\t\t\t\t\t\t<img decoding=\"async\" width=\"230\"height=\"230\" style=\"width:230px;height:230px;\" alt=\"HIPICA PUPILAJE CABALLOS BARCELONA - HIPICA PUPILATGE CAVALLS BARCELONA\" title=\"CENTRE HIPIC CASTELL DE BEN VIURE PUPILAJE CABALLOS PADOCK BARCELONA\" src=\"https:\/\/centrehipic.castelldebenviure.com\/wp-content\/uploads\/2016\/11\/CENTRE-HIPIC-CASTELL-DE-BEN-VIURE-PUPILAJE-CABALLOS-PADOCK-BARCELONA-EVENTOS-230x230.jpg\" \/>\n\t\t\t\t\t\t\t\t\t\t\t\t\t\t<\/a>\n\t\t\t\t\t\t\t\t\t\t\t\t\t\t\t\t\t\t\t\t\t\t\t\t\t<\/p>\n\t\t\t\t\t\t\t\t\t\t\t\t\t\t\t\t\t\t\t\t\t\t\t<\/div><!-- .gllr_image_block -->\n\t\t\t\t\t\t\t\t\t\t\t\t\t\t\t\t\t\t\t\t\t<\/div><!-- .gllr_image_row -->\n\t\t\t\t\t\t\t\t\t\t\t\t\t\t\t\t\t\t\t\t\t<div class=\"gllr_image_row\">\n\t\t\t\t\t\t\t\t\t\t\t\t\t\t\t\t\t\t\t\t\t<div class=\"gllr_image_block\">\n\t\t\t\t\t\t\t\t\t\t\t\t<p style=\"width:230px;height:230px;\">\n\t\t\t\t\t\t\t\t\t\t\t\t\t\t\t\t\t\t\t\t\t\t\t\t\t\t\t<a href=\"http:\/\/centrehipic.castelldebenviure.com\/es\" title=\"CENTRE HIPIC CASTELL DE BEN VIURE PUPILAJE CABALLOS PADOCK BARCELONA\" target=\"_blank\">\n\t\t\t\t\t\t\t\t\t\t\t\t\t\t\t<img decoding=\"async\" width=\"230\"height=\"230\" style=\"width:230px;height:230px;\" alt=\"HIPICA PUPILAJE CABALLOS BARCELONA - HIPICA PUPILATGE CAVALLS BARCELONA\" title=\"CENTRE HIPIC CASTELL DE BEN VIURE PUPILAJE CABALLOS PADOCK BARCELONA\" src=\"https:\/\/centrehipic.castelldebenviure.com\/wp-content\/uploads\/2016\/11\/CENTRE-HIPIC-CASTELL-DE-BEN-VIURE-PUPILAJE-CABALLOS-PADOCK-BARCELONA-2-230x230.jpg\" \/>\n\t\t\t\t\t\t\t\t\t\t\t\t\t\t<\/a>\n\t\t\t\t\t\t\t\t\t\t\t\t\t\t\t\t\t\t\t\t\t\t\t\t\t<\/p>\n\t\t\t\t\t\t\t\t\t\t\t\t\t\t\t\t\t\t\t\t\t\t\t<\/div><!-- .gllr_image_block -->\n\t\t\t\t\t\t\t\t\t\t\t\t\t\t\t\t\t\t\t\t\t<\/div><!-- .gllr_image_row -->\n\t\t\t\t\t\t\t\t\t\t\t\t\t\t\t\t\t\t\t\t\t<div class=\"gllr_image_row\">\n\t\t\t\t\t\t\t\t\t\t\t\t\t\t\t\t\t\t\t\t\t<div class=\"gllr_image_block\">\n\t\t\t\t\t\t\t\t\t\t\t\t<p style=\"width:230px;height:230px;\">\n\t\t\t\t\t\t\t\t\t\t\t\t\t\t\t\t\t\t\t\t\t\t\t\t\t\t\t<a href=\"http:\/\/centrehipic.castelldebenviure.com\/es\" title=\"CENTRE HIPIC CASTELL DE BEN VIURE PUPILAJE CABALLOS PADOCK BARCELONA\" target=\"_blank\">\n\t\t\t\t\t\t\t\t\t\t\t\t\t\t\t<img decoding=\"async\" width=\"230\"height=\"230\" style=\"width:230px;height:230px;\" alt=\"HIPICA PUPILAJE CABALLOS BARCELONA - HIPICA PUPILATGE CAVALLS BARCELONA\" title=\"CENTRE HIPIC CASTELL DE BEN VIURE PUPILAJE CABALLOS PADOCK BARCELONA\" src=\"https:\/\/centrehipic.castelldebenviure.com\/wp-content\/uploads\/2016\/11\/IMG_3607-230x230.jpg\" \/>\n\t\t\t\t\t\t\t\t\t\t\t\t\t\t<\/a>\n\t\t\t\t\t\t\t\t\t\t\t\t\t\t\t\t\t\t\t\t\t\t\t\t\t<\/p>\n\t\t\t\t\t\t\t\t\t\t\t\t\t\t\t\t\t\t\t\t\t\t\t<\/div><!-- .gllr_image_block -->\n\t\t\t\t\t\t\t\t\t\t\t\t\t\t\t\t\t\t\t\t\t<\/div><!-- .gllr_image_row -->\n\t\t\t\t\t\t\t\t\t\t\t\t\t\t\t\t\t\t\t\t\t<div class=\"gllr_image_row\">\n\t\t\t\t\t\t\t\t\t\t\t\t\t\t\t\t\t\t\t\t\t<div class=\"gllr_image_block\">\n\t\t\t\t\t\t\t\t\t\t\t\t<p style=\"width:230px;height:230px;\">\n\t\t\t\t\t\t\t\t\t\t\t\t\t\t\t\t\t\t\t\t\t\t\t\t\t\t\t<a href=\"http:\/\/centrehipic.castelldebenviure.com\/es\" title=\"CENTRE HIPIC CASTELL DE BEN VIURE PUPILAJE CABALLOS PADOCK BARCELONA\" target=\"_blank\">\n\t\t\t\t\t\t\t\t\t\t\t\t\t\t\t<img decoding=\"async\" width=\"230\"height=\"230\" style=\"width:230px;height:230px;\" alt=\"HIPICA PUPILAJE CABALLOS BARCELONA - HIPICA PUPILATGE CAVALLS BARCELONA\" title=\"CENTRE HIPIC CASTELL DE BEN VIURE PUPILAJE CABALLOS PADOCK BARCELONA\" src=\"https:\/\/centrehipic.castelldebenviure.com\/wp-content\/uploads\/2016\/11\/IMG_4399-230x230.jpg\" \/>\n\t\t\t\t\t\t\t\t\t\t\t\t\t\t<\/a>\n\t\t\t\t\t\t\t\t\t\t\t\t\t\t\t\t\t\t\t\t\t\t\t\t\t<\/p>\n\t\t\t\t\t\t\t\t\t\t\t\t\t\t\t\t\t\t\t\t\t\t\t<\/div><!-- .gllr_image_block -->\n\t\t\t\t\t\t\t\t\t\t\t\t\t\t\t\t\t\t\t\t\t<\/div><!-- .gllr_image_row -->\n\t\t\t\t\t\t\t\t\t\t\t\t\t\t\t\t\t\t\t\t\t<div class=\"gllr_image_row\">\n\t\t\t\t\t\t\t\t\t\t\t\t\t\t\t\t\t\t\t\t\t<div class=\"gllr_image_block\">\n\t\t\t\t\t\t\t\t\t\t\t\t<p style=\"width:230px;height:230px;\">\n\t\t\t\t\t\t\t\t\t\t\t\t\t\t\t\t\t\t\t\t\t\t\t\t\t\t\t<a href=\"http:\/\/centrehipic.castelldebenviure.com\/es\" title=\"CENTRE HIPIC CASTELL DE BEN VIURE PUPILAJE CABALLOS PADOCK BARCELONA\" target=\"_blank\">\n\t\t\t\t\t\t\t\t\t\t\t\t\t\t\t<img decoding=\"async\" width=\"230\"height=\"230\" style=\"width:230px;height:230px;\" alt=\"HIPICA PUPILAJE CABALLOS BARCELONA - HIPICA PUPILATGE CAVALLS BARCELONA\" title=\"CENTRE HIPIC CASTELL DE BEN VIURE PUPILAJE CABALLOS PADOCK BARCELONA\" src=\"https:\/\/centrehipic.castelldebenviure.com\/wp-content\/uploads\/2016\/11\/PISTA-DE-DOMA-CENTRE-HIPIC-CASTELL-DE-BEN-VIURE-07-230x230.jpg\" \/>\n\t\t\t\t\t\t\t\t\t\t\t\t\t\t<\/a>\n\t\t\t\t\t\t\t\t\t\t\t\t\t\t\t\t\t\t\t\t\t\t\t\t\t<\/p>\n\t\t\t\t\t\t\t\t\t\t\t\t\t\t\t\t\t\t\t\t\t\t\t<\/div><!-- .gllr_image_block -->\n\t\t\t\t\t\t\t\t\t\t\t\t\t\t\t\t\t\t\t\t\t<\/div><!-- .gllr_image_row -->\n\t\t\t\t\t\t\t\t\t\t\t\t\t\t\t\t\t\t\t\t\t<div class=\"gllr_image_row\">\n\t\t\t\t\t\t\t\t\t\t\t\t\t\t\t\t\t\t\t\t\t<div class=\"gllr_image_block\">\n\t\t\t\t\t\t\t\t\t\t\t\t<p style=\"width:230px;height:230px;\">\n\t\t\t\t\t\t\t\t\t\t\t\t\t\t\t\t\t\t\t\t\t\t\t\t\t\t\t<a href=\"http:\/\/centrehipic.castelldebenviure.com\/es\" title=\"CENTRE HIPIC CASTELL DE BEN VIURE PUPILAJE CABALLOS PADOCK BARCELONA\" target=\"_blank\">\n\t\t\t\t\t\t\t\t\t\t\t\t\t\t\t<img decoding=\"async\" width=\"230\"height=\"230\" style=\"width:230px;height:230px;\" alt=\"HIPICA PUPILAJE CABALLOS BARCELONA - HIPICA PUPILATGE CAVALLS BARCELONA\" title=\"CENTRE HIPIC CASTELL DE BEN VIURE PUPILAJE CABALLOS PADOCK BARCELONA\" src=\"https:\/\/centrehipic.castelldebenviure.com\/wp-content\/uploads\/2016\/11\/IMG_9335-230x230.jpg\" \/>\n\t\t\t\t\t\t\t\t\t\t\t\t\t\t<\/a>\n\t\t\t\t\t\t\t\t\t\t\t\t\t\t\t\t\t\t\t\t\t\t\t\t\t<\/p>\n\t\t\t\t\t\t\t\t\t\t\t\t\t\t\t\t\t\t\t\t\t\t\t<\/div><!-- .gllr_image_block -->\n\t\t\t\t\t\t\t\t\t\t\t\t\t\t\t\t\t\t\t\t\t<\/div><!-- .gllr_image_row -->\n\t\t\t\t\t\t\t\t\t\t\t\t\t\t\t\t\t\t<\/div><!-- .gallery.clearfix -->\n\t\t\t\t\t\t\t\t\t\t\t\t\t<\/div><!-- .gallery_box_single -->\n\t\t\t\t\t\t<div class=\"gllr_clear\"><\/div>\n\t\t\t\t\t<\/p>","protected":false},"excerpt":{"rendered":"<p>EN LA FINCA DE 300 HAS. DISPONEMOS DE: Pista de Doma con arena de s\u00edlice de 20&#215;40 Picadero de 20 m. de di\u00e1metro. Guadarn\u00e9s Varias duchas Padocks de cuarentena para los caballos reci\u00e9n llegados Padock de enfermer\u00eda 24 padocks individuales en pupilaje 8 padocks compartidos de grandes dimensiones en pupilaje 1 Padock Din\u00e1mico de m\u00e1s [&hellip;]<\/p>\n","protected":false},"author":1,"featured_media":0,"parent":0,"menu_order":0,"comment_status":"closed","ping_status":"closed","template":"","meta":{"footnotes":""},"class_list":["post-42","page","type-page","status-publish","hentry"],"_links":{"self":[{"href":"https:\/\/centrehipic.castelldebenviure.com\/es\/wp-json\/wp\/v2\/pages\/42","targetHints":{"allow":["GET"]}}],"collection":[{"href":"https:\/\/centrehipic.castelldebenviure.com\/es\/wp-json\/wp\/v2\/pages"}],"about":[{"href":"https:\/\/centrehipic.castelldebenviure.com\/es\/wp-json\/wp\/v2\/types\/page"}],"author":[{"embeddable":true,"href":"https:\/\/centrehipic.castelldebenviure.com\/es\/wp-json\/wp\/v2\/users\/1"}],"replies":[{"embeddable":true,"href":"https:\/\/centrehipic.castelldebenviure.com\/es\/wp-json\/wp\/v2\/comments?post=42"}],"version-history":[{"count":22,"href":"https:\/\/centrehipic.castelldebenviure.com\/es\/wp-json\/wp\/v2\/pages\/42\/revisions"}],"predecessor-version":[{"id":786,"href":"https:\/\/centrehipic.castelldebenviure.com\/es\/wp-json\/wp\/v2\/pages\/42\/revisions\/786"}],"wp:attachment":[{"href":"https:\/\/centrehipic.castelldebenviure.com\/es\/wp-json\/wp\/v2\/media?parent=42"}],"curies":[{"name":"wp","href":"https:\/\/api.w.org\/{rel}","templated":true}]}}