{"id":29,"date":"2016-11-05T20:26:30","date_gmt":"2016-11-05T20:26:30","guid":{"rendered":"http:\/\/centrehipic.castelldebenviure.com\/?page_id=29"},"modified":"2023-04-01T12:20:51","modified_gmt":"2023-04-01T12:20:51","slug":"english-home","status":"publish","type":"page","link":"https:\/\/centrehipic.castelldebenviure.com\/es\/","title":{"rendered":"HOME"},"content":{"rendered":"<p>El Centre Hipic Castell de Ben Viure es una finca de m\u00e1s de 3.000.000 m2 (300 Ha), a 10 minutos de Barcelona. Aunque se sit\u00faa\u00a0en el Vall\u00e9s Occidental, est\u00e1 estrat\u00e9gicamente ubicada en el\u00a0valle del Baix Llobregat, con\u00a0acceso directo a la autov\u00eda A2 y con\u00a0estaci\u00f3n de tren a 3 minutos andando\u00a0de nuestras\u00a0instalaciones.<\/p>\n<p>Este\u00a0Oasis est\u00e1\u00a0dedicado al bienestar de los caballos\u00a0y al\u00a0ocio de los propietarios, ya\u00a0que pueden\u00a0disfrutar de la finca tanto para pasear\u00a0como para utilitzar el\u00a0resto de instalaciones.<\/p>\n<p>En nuestro resort trabajamos\u00a0tanto por el\u00a0bienestar f\u00edsico como emocional de los\u00a0caballos conjuntamente con\u00a0los propietarios, acompa\u00f1\u00e1ndolos\u00a0para que\u00a0se\u00a0puedan adaptar lo\u00a0mejor posible, a su\u00a0ritmo y sin\u00a0prisas, en el nuevo\u00a0entorno.<\/p>\n<p>Nos\u00a0esforzamos\u00a0para que\u00a0los\u00a0caballos\u00a0vivan\u00a0tranquilos\u00a0y felices\u00a0en este\u00a0entorno privilegiado. Los\u00a0padocks se adaptan\u00a0a las necesidades\u00a0tanto de los caballos\u00a0como de los propietarios.<\/p>\n<p>Ofrecemos tres modalidades de pupilaje para los caballos:<\/p>\n<p>En\u00a0padock individual<\/p>\n<p>En padock compartido para\u00a0los\u00a0caballos de un mismo\u00a0propietario o de varios amigos (1, 2, 3 caballos\u00a0o m\u00e1s).<\/p>\n<p>En padock din\u00e1mico donde el espaciose sit\u00faa en 150.000 m2 durante el invierno y en m\u00e1s de 650.000 m2 durante la primavera, el verano y el oto\u00f1o. Aumentando cada a\u00f1o en m\u00e1s de 50.000 m2 la superf\u00edcie del padock din\u00e1mico.<\/p>\n<p><\/p>","protected":false},"excerpt":{"rendered":"<p>El Centre Hipic Castell de Ben Viure es una finca de m\u00e1s de 3.000.000 m2 (300 Ha), a 10 minutos de Barcelona. Aunque se sit\u00faa\u00a0en el Vall\u00e9s Occidental, est\u00e1 estrat\u00e9gicamente ubicada en el\u00a0valle del Baix Llobregat, con\u00a0acceso directo a la autov\u00eda A2 y con\u00a0estaci\u00f3n de tren a 3 minutos andando\u00a0de nuestras\u00a0instalaciones. Este\u00a0Oasis est\u00e1\u00a0dedicado al bienestar [&hellip;]<\/p>\n","protected":false},"author":1,"featured_media":0,"parent":0,"menu_order":0,"comment_status":"closed","ping_status":"closed","template":"page-home.php","meta":{"footnotes":""},"class_list":["post-29","page","type-page","status-publish","hentry"],"_links":{"self":[{"href":"https:\/\/centrehipic.castelldebenviure.com\/es\/wp-json\/wp\/v2\/pages\/29","targetHints":{"allow":["GET"]}}],"collection":[{"href":"https:\/\/centrehipic.castelldebenviure.com\/es\/wp-json\/wp\/v2\/pages"}],"about":[{"href":"https:\/\/centrehipic.castelldebenviure.com\/es\/wp-json\/wp\/v2\/types\/page"}],"author":[{"embeddable":true,"href":"https:\/\/centrehipic.castelldebenviure.com\/es\/wp-json\/wp\/v2\/users\/1"}],"replies":[{"embeddable":true,"href":"https:\/\/centrehipic.castelldebenviure.com\/es\/wp-json\/wp\/v2\/comments?post=29"}],"version-history":[{"count":26,"href":"https:\/\/centrehipic.castelldebenviure.com\/es\/wp-json\/wp\/v2\/pages\/29\/revisions"}],"predecessor-version":[{"id":815,"href":"https:\/\/centrehipic.castelldebenviure.com\/es\/wp-json\/wp\/v2\/pages\/29\/revisions\/815"}],"wp:attachment":[{"href":"https:\/\/centrehipic.castelldebenviure.com\/es\/wp-json\/wp\/v2\/media?parent=29"}],"curies":[{"name":"wp","href":"https:\/\/api.w.org\/{rel}","templated":true}]}}